{"id":2,"date":"2021-09-19T07:52:57","date_gmt":"2021-09-19T05:52:57","guid":{"rendered":"http:\/\/koobalab.com\/?page_id=2"},"modified":"2026-04-11T12:15:07","modified_gmt":"2026-04-11T10:15:07","slug":"page-d-exemple","status":"publish","type":"page","link":"https:\/\/koobalab.com\/?page_id=2","title":{"rendered":"Mensurations"},"content":{"rendered":"\n<p><\/p>\n\n\n\n<p><strong>Jean-Paul Haber &#8211; Com\u00e9dien, silhouette, petits r\u00f4les<\/strong><\/p>\n\n\n\n<p>Taille : 1,80 m &#8211; 79 KG &#8211; Chaussures 43 &#8211; Poitrine 103 &#8211; Tour de Taille 96<\/p>\n\n\n\n<p>Tour de cou 40 &#8211; Yeux marron clair &#8211; Cheveux Sel &amp; poivre &nbsp;&#8211; Non tatou\u00e9<\/p>\n\n\n\n<p>Sports r\u00e9guliers : natation &#8211; v\u00e9lo &#8211; footing &#8211; plong\u00e9e sous-marine<\/p>\n\n\n\n<p>Langues parl\u00e9es : Allemand &amp; Anglais<\/p>\n\n\n\n<figure class=\"wp-block-image size-large\"><img loading=\"lazy\" decoding=\"async\" width=\"768\" height=\"1024\" src=\"https:\/\/koobalab.com\/wp-content\/uploads\/2023\/10\/IMG_4413-768x1024.jpeg\" alt=\"\" class=\"wp-image-632\" srcset=\"https:\/\/koobalab.com\/wp-content\/uploads\/2023\/10\/IMG_4413-768x1024.jpeg 768w, https:\/\/koobalab.com\/wp-content\/uploads\/2023\/10\/IMG_4413-225x300.jpeg 225w, https:\/\/koobalab.com\/wp-content\/uploads\/2023\/10\/IMG_4413-1152x1536.jpeg 1152w, https:\/\/koobalab.com\/wp-content\/uploads\/2023\/10\/IMG_4413-1536x2048.jpeg 1536w, https:\/\/koobalab.com\/wp-content\/uploads\/2023\/10\/IMG_4413-1140x1520.jpeg 1140w, https:\/\/koobalab.com\/wp-content\/uploads\/2023\/10\/IMG_4413-87x116.jpeg 87w, https:\/\/koobalab.com\/wp-content\/uploads\/2023\/10\/IMG_4413-scaled.jpeg 1920w\" sizes=\"auto, (max-width: 768px) 100vw, 768px\" \/><\/figure>\n\n\n\n<p><\/p>\n\n\n\n<blockquote class=\"wp-block-quote is-layout-flow wp-block-quote-is-layout-flow\">\n<p><\/p>\n<\/blockquote>\n\n\n\n<p class=\"has-text-align-center\"><\/p>\n","protected":false},"excerpt":{"rendered":"<p>Jean-Paul Haber &#8211; Com\u00e9dien, silhouette, petits r\u00f4les Taille : 1,80 m &#8211; 79 KG &#8211; Chaussures 43 &#8211; Poitrine 103 &#8211; Tour de Taille 96 Tour de cou 40 &#8211; Yeux marron clair &#8211; Cheveux Sel &amp; poivre &nbsp;&#8211; Non tatou\u00e9 Sports r\u00e9guliers : natation &#8211; v\u00e9lo &#8211; footing &#8211; plong\u00e9e sous-marine Langues parl\u00e9es : Allemand &amp; Anglais<\/p>\n","protected":false},"author":1,"featured_media":0,"parent":0,"menu_order":0,"comment_status":"closed","ping_status":"open","template":"","meta":{"footnotes":""},"class_list":["post-2","page","type-page","status-publish","hentry"],"jetpack_sharing_enabled":true,"_links":{"self":[{"href":"https:\/\/koobalab.com\/index.php?rest_route=\/wp\/v2\/pages\/2","targetHints":{"allow":["GET"]}}],"collection":[{"href":"https:\/\/koobalab.com\/index.php?rest_route=\/wp\/v2\/pages"}],"about":[{"href":"https:\/\/koobalab.com\/index.php?rest_route=\/wp\/v2\/types\/page"}],"author":[{"embeddable":true,"href":"https:\/\/koobalab.com\/index.php?rest_route=\/wp\/v2\/users\/1"}],"replies":[{"embeddable":true,"href":"https:\/\/koobalab.com\/index.php?rest_route=%2Fwp%2Fv2%2Fcomments&post=2"}],"version-history":[{"count":29,"href":"https:\/\/koobalab.com\/index.php?rest_route=\/wp\/v2\/pages\/2\/revisions"}],"predecessor-version":[{"id":833,"href":"https:\/\/koobalab.com\/index.php?rest_route=\/wp\/v2\/pages\/2\/revisions\/833"}],"wp:attachment":[{"href":"https:\/\/koobalab.com\/index.php?rest_route=%2Fwp%2Fv2%2Fmedia&parent=2"}],"curies":[{"name":"wp","href":"https:\/\/api.w.org\/{rel}","templated":true}]}}